{"id":3703,"date":"2021-12-29T07:35:36","date_gmt":"2021-12-29T10:35:36","guid":{"rendered":"https:\/\/www.greenbookschool.com.br\/a-escola\/proposta-pedagogica\/"},"modified":"2022-05-09T14:43:18","modified_gmt":"2022-05-09T17:43:18","slug":"educational-proposal","status":"publish","type":"page","link":"https:\/\/www.greenbookschool.com.br\/en\/the-school\/educational-proposal\/","title":{"rendered":"Educational Proposal"},"content":{"rendered":"\t\t<div data-elementor-type=\"wp-page\" data-elementor-id=\"3703\" class=\"elementor elementor-3703 elementor-609\" data-elementor-settings=\"{&quot;ha_cmc_init_switcher&quot;:&quot;no&quot;}\" data-elementor-post-type=\"page\">\n\t\t\t\t\t\t<section class=\"elementor-section elementor-top-section elementor-element elementor-element-ca4fd50 elementor-section-full_width banner elementor-hidden-tablet elementor-hidden-mobile elementor-section-height-default elementor-section-height-default\" data-id=\"ca4fd50\" data-element_type=\"section\" data-e-type=\"section\" data-settings=\"{&quot;background_background&quot;:&quot;classic&quot;,&quot;_ha_eqh_enable&quot;:false}\">\n\t\t\t\t\t\t<div class=\"elementor-container elementor-column-gap-no\">\n\t\t\t\t\t<div class=\"elementor-column elementor-col-100 elementor-top-column elementor-element elementor-element-4eb4862\" data-id=\"4eb4862\" data-element_type=\"column\" data-e-type=\"column\">\n\t\t\t<div class=\"elementor-widget-wrap elementor-element-populated\">\n\t\t\t\t\t\t<div class=\"elementor-element elementor-element-7fde9f2 elementor-widget elementor-widget-image\" data-id=\"7fde9f2\" data-element_type=\"widget\" data-e-type=\"widget\" data-widget_type=\"image.default\">\n\t\t\t\t<div class=\"elementor-widget-container\">\n\t\t\t\t\t\t\t\t\t\t\t\t\t\t\t<img fetchpriority=\"high\" decoding=\"async\" width=\"1920\" height=\"600\" src=\"https:\/\/www.greenbookschool.com.br\/wp-content\/uploads\/2022\/04\/pedagogical-proposal.png\" class=\"attachment-full size-full wp-image-3842\" alt=\"\" srcset=\"https:\/\/www.greenbookschool.com.br\/wp-content\/uploads\/2022\/04\/pedagogical-proposal.png 1920w, https:\/\/www.greenbookschool.com.br\/wp-content\/uploads\/2022\/04\/pedagogical-proposal-300x94.png 300w, https:\/\/www.greenbookschool.com.br\/wp-content\/uploads\/2022\/04\/pedagogical-proposal-1024x320.png 1024w, https:\/\/www.greenbookschool.com.br\/wp-content\/uploads\/2022\/04\/pedagogical-proposal-768x240.png 768w, https:\/\/www.greenbookschool.com.br\/wp-content\/uploads\/2022\/04\/pedagogical-proposal-1536x480.png 1536w\" sizes=\"(max-width: 1920px) 100vw, 1920px\" \/>\t\t\t\t\t\t\t\t\t\t\t\t\t\t\t<\/div>\n\t\t\t\t<\/div>\n\t\t\t\t\t<\/div>\n\t\t<\/div>\n\t\t\t\t\t<\/div>\n\t\t<\/section>\n\t\t\t\t<section class=\"elementor-section elementor-top-section elementor-element elementor-element-c8ddce7 elementor-section-full_width elementor-hidden-desktop elementor-section-height-default elementor-section-height-default\" data-id=\"c8ddce7\" data-element_type=\"section\" data-e-type=\"section\" data-settings=\"{&quot;background_background&quot;:&quot;classic&quot;,&quot;_ha_eqh_enable&quot;:false}\">\n\t\t\t\t\t\t<div class=\"elementor-container elementor-column-gap-no\">\n\t\t\t\t\t<div class=\"elementor-column elementor-col-100 elementor-top-column elementor-element elementor-element-aadc42a\" data-id=\"aadc42a\" data-element_type=\"column\" data-e-type=\"column\">\n\t\t\t<div class=\"elementor-widget-wrap elementor-element-populated\">\n\t\t\t\t\t\t<div class=\"elementor-element elementor-element-574a8ef elementor-widget elementor-widget-image\" data-id=\"574a8ef\" data-element_type=\"widget\" data-e-type=\"widget\" data-widget_type=\"image.default\">\n\t\t\t\t<div class=\"elementor-widget-container\">\n\t\t\t\t\t\t\t\t\t\t\t\t\t\t\t<img fetchpriority=\"high\" decoding=\"async\" width=\"1920\" height=\"600\" src=\"https:\/\/www.greenbookschool.com.br\/wp-content\/uploads\/2022\/04\/pedagogical-proposal.png\" class=\"attachment-full size-full wp-image-3842\" alt=\"\" srcset=\"https:\/\/www.greenbookschool.com.br\/wp-content\/uploads\/2022\/04\/pedagogical-proposal.png 1920w, https:\/\/www.greenbookschool.com.br\/wp-content\/uploads\/2022\/04\/pedagogical-proposal-300x94.png 300w, https:\/\/www.greenbookschool.com.br\/wp-content\/uploads\/2022\/04\/pedagogical-proposal-1024x320.png 1024w, https:\/\/www.greenbookschool.com.br\/wp-content\/uploads\/2022\/04\/pedagogical-proposal-768x240.png 768w, https:\/\/www.greenbookschool.com.br\/wp-content\/uploads\/2022\/04\/pedagogical-proposal-1536x480.png 1536w\" sizes=\"(max-width: 1920px) 100vw, 1920px\" \/>\t\t\t\t\t\t\t\t\t\t\t\t\t\t\t<\/div>\n\t\t\t\t<\/div>\n\t\t\t\t\t<\/div>\n\t\t<\/div>\n\t\t\t\t\t<\/div>\n\t\t<\/section>\n\t\t\t\t<section class=\"elementor-section elementor-top-section elementor-element elementor-element-a5fff9b elementor-section-boxed elementor-section-height-default elementor-section-height-default\" data-id=\"a5fff9b\" data-element_type=\"section\" data-e-type=\"section\" data-settings=\"{&quot;_ha_eqh_enable&quot;:false}\">\n\t\t\t\t\t\t<div class=\"elementor-container elementor-column-gap-default\">\n\t\t\t\t\t<div class=\"elementor-column elementor-col-50 elementor-top-column elementor-element elementor-element-1fa8bb5\" data-id=\"1fa8bb5\" data-element_type=\"column\" data-e-type=\"column\">\n\t\t\t<div class=\"elementor-widget-wrap elementor-element-populated\">\n\t\t\t\t\t\t<section class=\"elementor-section elementor-inner-section elementor-element elementor-element-75e1d06 elementor-section-boxed elementor-section-height-default elementor-section-height-default\" data-id=\"75e1d06\" data-element_type=\"section\" data-e-type=\"section\" data-settings=\"{&quot;background_background&quot;:&quot;classic&quot;,&quot;_ha_eqh_enable&quot;:false}\">\n\t\t\t\t\t\t<div class=\"elementor-container elementor-column-gap-default\">\n\t\t\t\t\t<div class=\"elementor-column elementor-col-100 elementor-inner-column elementor-element elementor-element-2187a50\" data-id=\"2187a50\" data-element_type=\"column\" data-e-type=\"column\" data-settings=\"{&quot;background_background&quot;:&quot;classic&quot;}\">\n\t\t\t<div class=\"elementor-widget-wrap elementor-element-populated\">\n\t\t\t\t\t\t<div class=\"elementor-element elementor-element-1972273 elementor-widget elementor-widget-heading\" data-id=\"1972273\" data-element_type=\"widget\" data-e-type=\"widget\" data-widget_type=\"heading.default\">\n\t\t\t\t<div class=\"elementor-widget-container\">\n\t\t\t\t\t<h4 class=\"elementor-heading-title elementor-size-default\">THE SCHOOL<\/h4>\t\t\t\t<\/div>\n\t\t\t\t<\/div>\n\t\t\t\t<div class=\"elementor-element elementor-element-dfd9d29 elementor-widget elementor-widget-nav-menu\" data-id=\"dfd9d29\" data-element_type=\"widget\" data-e-type=\"widget\" data-settings=\"{&quot;layout&quot;:&quot;dropdown&quot;,&quot;submenu_icon&quot;:{&quot;value&quot;:&quot;&lt;i class=\\&quot;fas fa-caret-down\\&quot; aria-hidden=\\&quot;true\\&quot;&gt;&lt;\\\/i&gt;&quot;,&quot;library&quot;:&quot;fa-solid&quot;}}\" data-widget_type=\"nav-menu.default\">\n\t\t\t\t<div class=\"elementor-widget-container\">\n\t\t\t\t\t\t\t\t<nav class=\"elementor-nav-menu--dropdown elementor-nav-menu__container\" aria-hidden=\"true\">\n\t\t\t\t<ul id=\"menu-2-dfd9d29\" class=\"elementor-nav-menu\"><li class=\"menu-item menu-item-type-post_type menu-item-object-page menu-item-4238\"><a href=\"https:\/\/www.greenbookschool.com.br\/en\/the-school\/about-us\/\" class=\"elementor-item menu-link\" tabindex=\"-1\">About Us<\/a><\/li>\n<li class=\"menu-item menu-item-type-post_type menu-item-object-page menu-item-4239\"><a href=\"https:\/\/www.greenbookschool.com.br\/en\/the-school\/educational-proposal\/\" class=\"elementor-item menu-link\" tabindex=\"-1\">Educational Proposal<\/a><\/li>\n<li class=\"menu-item menu-item-type-post_type menu-item-object-page menu-item-4240\"><a href=\"https:\/\/www.greenbookschool.com.br\/en\/the-school\/our-team\/\" class=\"elementor-item menu-link\" tabindex=\"-1\">Our Team<\/a><\/li>\n<li class=\"menu-item menu-item-type-custom menu-item-object-custom menu-item-has-children menu-item-4688\"><a aria-expanded=\"false\" href=\"#\" class=\"elementor-item elementor-item-anchor menu-link\" tabindex=\"-1\">Spaces<\/a>\n<ul class=\"sub-menu elementor-nav-menu--dropdown\">\n\t<li class=\"menu-item menu-item-type-post_type menu-item-object-page menu-item-4243\"><a href=\"https:\/\/www.greenbookschool.com.br\/en\/the-school\/spaces\/early-childhood-education-campus\/\" class=\"elementor-sub-item menu-link\" tabindex=\"-1\">Early Childhood Education Campus<\/a><\/li>\n\t<li class=\"menu-item menu-item-type-post_type menu-item-object-page menu-item-4244\"><a href=\"https:\/\/www.greenbookschool.com.br\/en\/the-school\/spaces\/elementary-middle-and-high-school-campus\/\" class=\"elementor-sub-item menu-link\" tabindex=\"-1\">Elementary, Middle and High School Campus<\/a><\/li>\n<\/ul>\n<\/li>\n<li class=\"menu-item menu-item-type-post_type menu-item-object-page menu-item-4241\"><a href=\"https:\/\/www.greenbookschool.com.br\/en\/the-school\/parent-testimonials\/\" class=\"elementor-item menu-link\" tabindex=\"-1\">Parent Testimonials<\/a><\/li>\n<\/ul>\t\t\t<\/nav>\n\t\t\t\t\t\t<\/div>\n\t\t\t\t<\/div>\n\t\t\t\t\t<\/div>\n\t\t<\/div>\n\t\t\t\t\t<\/div>\n\t\t<\/section>\n\t\t\t\t\t<\/div>\n\t\t<\/div>\n\t\t\t\t<div class=\"elementor-column elementor-col-50 elementor-top-column elementor-element elementor-element-dce3a1a\" data-id=\"dce3a1a\" data-element_type=\"column\" data-e-type=\"column\">\n\t\t\t<div class=\"elementor-widget-wrap elementor-element-populated\">\n\t\t\t\t\t\t<div class=\"elementor-element elementor-element-ef46e3b elementor-widget elementor-widget-text-editor\" data-id=\"ef46e3b\" data-element_type=\"widget\" data-e-type=\"widget\" data-widget_type=\"text-editor.default\">\n\t\t\t\t<div class=\"elementor-widget-container\">\n\t\t\t\t\t\t\t\t\t<p><span style=\"font-weight: 400;\">Na Green Book, os alunos passam por uma profunda transforma\u00e7\u00e3o psicossocial e acad\u00eamica. Nosso hibridismo metodol\u00f3gico, focado na constru\u00e7\u00e3o do conhecimento, atrav\u00e9s do sociointeracionismo e de metodologias ativas, busca entender cada aluno como indiv\u00edduo dotado de intelig\u00eancias espec\u00edficas e protagonista de seu processo de aprendizagem.<\/span><\/p><p><span style=\"color: #57759f;\"><b>FORMA\u00c7\u00c3O DE CIDAD\u00c3OS AUT\u00d4NOMOS, CRIATIVOS E QUESTIONADORES<\/b><\/span><\/p><p><span style=\"font-weight: 400;\">Nosso projeto pol\u00edtico pedag\u00f3gico tem por finalidade, em todas as etapas da educa\u00e7\u00e3o b\u00e1sica, formar cidad\u00e3os cr\u00edticos, aut\u00f4nomos, questionadores, criativos, produtivos e capazes de conviver com as diversidades. Visamos formar indiv\u00edduos preparados para enfrentar o mercado de trabalho e os desafios impostos pelo mundo globalizado \u2013 no qual, o dom\u00ednio da l\u00edngua inglesa torna-se indispens\u00e1vel. Paralelamente, auxiliamos nossos alunos a desenvolverem habilidades nas diferentes dimens\u00f5es da personalidade: f\u00edsica\/motora, social, afetiva, cognitiva, lingu\u00edstica e art\u00edstica.<\/span><\/p><p><span style=\"font-weight: 400;\">Enxergamos o aluno em sua totalidade, proporcionando uma forma\u00e7\u00e3o integral do indiv\u00edduo. Nossa pedagogia transformadora e humana oferece aos estudantes da Educa\u00e7\u00e3o Infantil ao Ensino M\u00e9dio, a possibilidade de um real aprendizado &#8211; n\u00e3o apenas focado em resultados, mas tamb\u00e9m no processo de ensino e aprendizagem.\u00a0<\/span><\/p><p><span style=\"color: #57759f;\"><b>RESPEITO \u00c0S CARACTER\u00cdSTICAS INDIVIDUAIS DE CADA ALUNO E ACOLHIMENTO<\/b><\/span><\/p><p><span style=\"font-weight: 400;\">Nossa proposta pedag\u00f3gica \u00e9 voltada \u00e0 completa individualiza\u00e7\u00e3o do ensino, permitindo uma melhor compreens\u00e3o sobre as caracter\u00edsticas, individualidades, interesses, personalidade e ritmo de aprendizagem de cada aluno. Para isso, temos como um dos principais pilares o acolhimento. Entendemos que para um completo processo de aprendizagem, parceria entre escola e fam\u00edlia \u00e9 necess\u00e1rio e, por isso, trabalhamos continuamente no alinhamento entre esses dois principais contextos em que o aluno est\u00e1 inserido.<\/span><\/p>\t\t\t\t\t\t\t\t<\/div>\n\t\t\t\t<\/div>\n\t\t\t\t\t<\/div>\n\t\t<\/div>\n\t\t\t\t\t<\/div>\n\t\t<\/section>\n\t\t\t\t<section class=\"elementor-section elementor-top-section elementor-element elementor-element-45cda62 elementor-section-full_width elementor-section-height-default elementor-section-height-default\" data-id=\"45cda62\" data-element_type=\"section\" data-e-type=\"section\" data-settings=\"{&quot;_ha_eqh_enable&quot;:false}\">\n\t\t\t\t\t\t<div class=\"elementor-container elementor-column-gap-no\">\n\t\t\t\t\t<div class=\"elementor-column elementor-col-100 elementor-top-column elementor-element elementor-element-33fd942\" data-id=\"33fd942\" data-element_type=\"column\" data-e-type=\"column\">\n\t\t\t<div class=\"elementor-widget-wrap elementor-element-populated\">\n\t\t\t\t\t\t<div class=\"elementor-element elementor-element-783a363 elementor-widget elementor-widget-image\" data-id=\"783a363\" data-element_type=\"widget\" data-e-type=\"widget\" data-widget_type=\"image.default\">\n\t\t\t\t<div class=\"elementor-widget-container\">\n\t\t\t\t\t\t\t\t\t\t\t\t\t\t\t<img decoding=\"async\" width=\"1920\" height=\"26\" src=\"https:\/\/www.greenbookschool.com.br\/wp-content\/uploads\/2021\/12\/barra-colorida.png\" class=\"attachment-full size-full wp-image-3423\" alt=\"\" srcset=\"https:\/\/www.greenbookschool.com.br\/wp-content\/uploads\/2021\/12\/barra-colorida.png 1920w, https:\/\/www.greenbookschool.com.br\/wp-content\/uploads\/2021\/12\/barra-colorida-300x4.png 300w, https:\/\/www.greenbookschool.com.br\/wp-content\/uploads\/2021\/12\/barra-colorida-1024x14.png 1024w, https:\/\/www.greenbookschool.com.br\/wp-content\/uploads\/2021\/12\/barra-colorida-768x10.png 768w, https:\/\/www.greenbookschool.com.br\/wp-content\/uploads\/2021\/12\/barra-colorida-1536x21.png 1536w\" sizes=\"(max-width: 1920px) 100vw, 1920px\" \/>\t\t\t\t\t\t\t\t\t\t\t\t\t\t\t<\/div>\n\t\t\t\t<\/div>\n\t\t\t\t\t<\/div>\n\t\t<\/div>\n\t\t\t\t\t<\/div>\n\t\t<\/section>\n\t\t\t\t<\/div>\n\t\t","protected":false},"excerpt":{"rendered":"<p>THE SCHOOL Na Green Book, os alunos passam por uma profunda transforma\u00e7\u00e3o psicossocial e acad\u00eamica. Nosso hibridismo metodol\u00f3gico, focado na constru\u00e7\u00e3o do conhecimento, atrav\u00e9s do sociointeracionismo e de metodologias ativas, busca entender cada aluno como indiv\u00edduo dotado de intelig\u00eancias espec\u00edficas e protagonista de seu processo de aprendizagem. FORMA\u00c7\u00c3O DE CIDAD\u00c3OS AUT\u00d4NOMOS, CRIATIVOS E QUESTIONADORES Nosso [&hellip;]<\/p>\n","protected":false},"author":1,"featured_media":0,"parent":3680,"menu_order":0,"comment_status":"closed","ping_status":"closed","template":"elementor_header_footer","meta":{"site-sidebar-layout":"no-sidebar","site-content-layout":"page-builder","ast-site-content-layout":"default","site-content-style":"default","site-sidebar-style":"default","ast-global-header-display":"","ast-banner-title-visibility":"","ast-main-header-display":"","ast-hfb-above-header-display":"","ast-hfb-below-header-display":"","ast-hfb-mobile-header-display":"","site-post-title":"disabled","ast-breadcrumbs-content":"","ast-featured-img":"disabled","footer-sml-layout":"","ast-disable-related-posts":"","theme-transparent-header-meta":"","adv-header-id-meta":"","stick-header-meta":"","header-above-stick-meta":"","header-main-stick-meta":"","header-below-stick-meta":"","astra-migrate-meta-layouts":"default","ast-page-background-enabled":"default","ast-page-background-meta":{"desktop":{"background-color":"var(--ast-global-color-4)","background-image":"","background-repeat":"repeat","background-position":"center center","background-size":"auto","background-attachment":"scroll","background-type":"","background-media":"","overlay-type":"","overlay-color":"","overlay-opacity":"","overlay-gradient":""},"tablet":{"background-color":"","background-image":"","background-repeat":"repeat","background-position":"center center","background-size":"auto","background-attachment":"scroll","background-type":"","background-media":"","overlay-type":"","overlay-color":"","overlay-opacity":"","overlay-gradient":""},"mobile":{"background-color":"","background-image":"","background-repeat":"repeat","background-position":"center center","background-size":"auto","background-attachment":"scroll","background-type":"","background-media":"","overlay-type":"","overlay-color":"","overlay-opacity":"","overlay-gradient":""}},"ast-content-background-meta":{"desktop":{"background-color":"var(--ast-global-color-5)","background-image":"","background-repeat":"repeat","background-position":"center center","background-size":"auto","background-attachment":"scroll","background-type":"","background-media":"","overlay-type":"","overlay-color":"","overlay-opacity":"","overlay-gradient":""},"tablet":{"background-color":"var(--ast-global-color-5)","background-image":"","background-repeat":"repeat","background-position":"center center","background-size":"auto","background-attachment":"scroll","background-type":"","background-media":"","overlay-type":"","overlay-color":"","overlay-opacity":"","overlay-gradient":""},"mobile":{"background-color":"var(--ast-global-color-5)","background-image":"","background-repeat":"repeat","background-position":"center center","background-size":"auto","background-attachment":"scroll","background-type":"","background-media":"","overlay-type":"","overlay-color":"","overlay-opacity":"","overlay-gradient":""}},"footnotes":""},"class_list":["post-3703","page","type-page","status-publish","hentry"],"jetpack_sharing_enabled":true,"_links":{"self":[{"href":"https:\/\/www.greenbookschool.com.br\/en\/wp-json\/wp\/v2\/pages\/3703","targetHints":{"allow":["GET"]}}],"collection":[{"href":"https:\/\/www.greenbookschool.com.br\/en\/wp-json\/wp\/v2\/pages"}],"about":[{"href":"https:\/\/www.greenbookschool.com.br\/en\/wp-json\/wp\/v2\/types\/page"}],"author":[{"embeddable":true,"href":"https:\/\/www.greenbookschool.com.br\/en\/wp-json\/wp\/v2\/users\/1"}],"replies":[{"embeddable":true,"href":"https:\/\/www.greenbookschool.com.br\/en\/wp-json\/wp\/v2\/comments?post=3703"}],"version-history":[{"count":6,"href":"https:\/\/www.greenbookschool.com.br\/en\/wp-json\/wp\/v2\/pages\/3703\/revisions"}],"predecessor-version":[{"id":4147,"href":"https:\/\/www.greenbookschool.com.br\/en\/wp-json\/wp\/v2\/pages\/3703\/revisions\/4147"}],"up":[{"embeddable":true,"href":"https:\/\/www.greenbookschool.com.br\/en\/wp-json\/wp\/v2\/pages\/3680"}],"wp:attachment":[{"href":"https:\/\/www.greenbookschool.com.br\/en\/wp-json\/wp\/v2\/media?parent=3703"}],"curies":[{"name":"wp","href":"https:\/\/api.w.org\/{rel}","templated":true}]}}